{"id":955,"date":"2025-09-05T09:35:27","date_gmt":"2025-09-05T07:35:27","guid":{"rendered":"https:\/\/latascadelbarrio.com\/?page_id=955"},"modified":"2025-09-05T10:53:01","modified_gmt":"2025-09-05T08:53:01","slug":"confirmacion-de-reserva","status":"publish","type":"page","link":"https:\/\/latascadelbarrio.com\/en\/confirmacion-de-reserva\/","title":{"rendered":"Confirmaci\u00f3n de reserva"},"content":{"rendered":"<style>.elementor-955 .elementor-element.elementor-element-f567587 > .elementor-container{max-width:850px;min-height:70vh;}.elementor-955 .elementor-element.elementor-element-f567587:not(.elementor-motion-effects-element-type-background), .elementor-955 .elementor-element.elementor-element-f567587 > .elementor-motion-effects-container > .elementor-motion-effects-layer{background-image:url(\"https:\/\/latascadelbarrio.com\/wp-content\/uploads\/2025\/07\/snow-surface-texture-background.jpg\");background-position:center center;background-repeat:no-repeat;background-size:cover;}.elementor-955 .elementor-element.elementor-element-f567587 > .elementor-background-overlay{background-color:#F4F6F766;background-image:url(\"https:\/\/latascadelbarrio.com\/wp-content\/uploads\/2025\/09\/Diseno-sin-titulo-146.jpg\");background-position:center left;background-repeat:no-repeat;background-size:cover;opacity:0.75;transition:background 0.3s, border-radius 0.3s, opacity 0.3s;}.elementor-955 .elementor-element.elementor-element-f567587{transition:background 0.3s, border 0.3s, border-radius 0.3s, box-shadow 0.3s;margin-top:0px;margin-bottom:0px;padding:30px 0px 0px 0px;}.elementor-bc-flex-widget .elementor-955 .elementor-element.elementor-element-4d4931d.elementor-column .elementor-widget-wrap{align-items:flex-start;}.elementor-955 .elementor-element.elementor-element-4d4931d.elementor-column.elementor-element[data-element_type=\"column\"] > .elementor-widget-wrap.elementor-element-populated{align-content:flex-start;align-items:flex-start;}.elementor-955 .elementor-element.elementor-element-4d4931d.elementor-column > .elementor-widget-wrap{justify-content:flex-start;}.elementor-955 .elementor-element.elementor-element-4d4931d > .elementor-widget-wrap > .elementor-widget:not(.elementor-widget__width-auto):not(.elementor-widget__width-initial):not(:last-child):not(.elementor-absolute){margin-block-end:0px;}.elementor-955 .elementor-element.elementor-element-4d4931d:not(.elementor-motion-effects-element-type-background) > .elementor-widget-wrap, .elementor-955 .elementor-element.elementor-element-4d4931d > .elementor-widget-wrap > .elementor-motion-effects-container > .elementor-motion-effects-layer{background-color:transparent;background-image:radial-gradient(at center center, var( --e-global-color-accent ) 35%, #080D23 100%);}.elementor-955 .elementor-element.elementor-element-4d4931d > .elementor-element-populated >  .elementor-background-overlay{background-image:url(\"https:\/\/latascadelbarrio.com\/wp-content\/uploads\/2025\/07\/blue-oil-paint-textured-background.jpg\");background-position:center center;background-repeat:no-repeat;background-size:cover;opacity:0.25;filter:brightness( 100% ) contrast( 100% ) saturate( 0% ) blur( 0px ) hue-rotate( 0deg );}.elementor-955 .elementor-element.elementor-element-4d4931d > .elementor-element-populated{transition:background 0.3s, border 0.3s, border-radius 0.3s, box-shadow 0.3s;margin:10px 10px 10px 10px;--e-column-margin-right:10px;--e-column-margin-left:10px;padding:080px 0px 80px 0px;}.elementor-955 .elementor-element.elementor-element-4d4931d > .elementor-element-populated > .elementor-background-overlay{transition:background 0.3s, border-radius 0.3s, opacity 0.3s;}.elementor-955 .elementor-element.elementor-element-f3df36f{text-align:center;font-size:20px;font-weight:700;color:var( --e-global-color-secondary );}.elementor-955 .elementor-element.elementor-element-f3df36f > .elementor-widget-container{margin:0% 20% 0% 20%;}.elementor-955 .elementor-element.elementor-element-5153296 > .elementor-container{max-width:1200px;}.elementor-955 .elementor-element.elementor-element-5153296{padding:0px 0px 150px 0px;}.elementor-bc-flex-widget .elementor-955 .elementor-element.elementor-element-2a91af8.elementor-column .elementor-widget-wrap{align-items:center;}.elementor-955 .elementor-element.elementor-element-2a91af8.elementor-column.elementor-element[data-element_type=\"column\"] > .elementor-widget-wrap.elementor-element-populated{align-content:center;align-items:center;}.elementor-955 .elementor-element.elementor-element-2a91af8.elementor-column > .elementor-widget-wrap{justify-content:flex-start;}.elementor-955 .elementor-element.elementor-element-8fb9211 > .elementor-container{max-width:1200px;}.elementor-955 .elementor-element.elementor-element-8fb9211:not(.elementor-motion-effects-element-type-background), .elementor-955 .elementor-element.elementor-element-8fb9211 > .elementor-motion-effects-container > .elementor-motion-effects-layer{background-image:url(\"https:\/\/latascadelbarrio.com\/wp-content\/uploads\/2025\/08\/1-1.jpg\");background-position:0px -232px;background-repeat:no-repeat;background-size:cover;}.elementor-955 .elementor-element.elementor-element-8fb9211 > .elementor-background-overlay{background-color:#1A275DD1;opacity:1;transition:background 0.3s, border-radius 0.3s, opacity 0.3s;}.elementor-955 .elementor-element.elementor-element-8fb9211{transition:background 0.3s, border 0.3s, border-radius 0.3s, box-shadow 0.3s;padding:50px 50px 50px 50px;}.elementor-955 .elementor-element.elementor-element-b79504f{text-align:center;width:var( --container-widget-width, 1000px );max-width:1000px;--container-widget-width:1000px;--container-widget-flex-grow:0;}.elementor-955 .elementor-element.elementor-element-b79504f .elementor-heading-title{font-family:var( --e-global-typography-secondary-font-family ), Serif;font-size:var( --e-global-typography-secondary-font-size );font-weight:var( --e-global-typography-secondary-font-weight );text-transform:var( --e-global-typography-secondary-text-transform );line-height:var( --e-global-typography-secondary-line-height );color:var( --e-global-color-secondary );}.elementor-955 .elementor-element.elementor-element-f877df9{font-size:20px;font-weight:500;color:var( --e-global-color-secondary );}.elementor-955 .elementor-element.elementor-element-f877df9 > .elementor-widget-container{margin:20px 0px 0px 0px;}:root{--page-title-display:none;}@media(max-width:1024px) and (min-width:768px){.elementor-955 .elementor-element.elementor-element-4d4931d{width:100%;}.elementor-955 .elementor-element.elementor-element-2a91af8{width:100%;}}@media(max-width:1024px){.elementor-955 .elementor-element.elementor-element-f567587 > .elementor-background-overlay{background-position:center center;}.elementor-955 .elementor-element.elementor-element-f567587{padding:80px 10px 0px 10px;}.elementor-955 .elementor-element.elementor-element-4d4931d > .elementor-element-populated{margin:30px 10px 0px 10px;--e-column-margin-right:10px;--e-column-margin-left:10px;padding:80px 100px 80px 100px;}.elementor-955 .elementor-element.elementor-element-5153296{padding:0px 0px 80px 0px;}.elementor-955 .elementor-element.elementor-element-2a91af8 > .elementor-element-populated{margin:0px 10px 0px 10px;--e-column-margin-right:10px;--e-column-margin-left:10px;}.elementor-955 .elementor-element.elementor-element-8fb9211:not(.elementor-motion-effects-element-type-background), .elementor-955 .elementor-element.elementor-element-8fb9211 > .elementor-motion-effects-container > .elementor-motion-effects-layer{background-position:0px 0px;}.elementor-955 .elementor-element.elementor-element-b79504f .elementor-heading-title{font-size:var( --e-global-typography-secondary-font-size );line-height:var( --e-global-typography-secondary-line-height );}}@media(max-width:767px){.elementor-955 .elementor-element.elementor-element-f567587 > .elementor-container{min-height:80vh;}.elementor-955 .elementor-element.elementor-element-f567587{margin-top:0px;margin-bottom:0px;padding:50px 10px 0px 10px;}.elementor-955 .elementor-element.elementor-element-4d4931d > .elementor-element-populated{margin:0px 10px 0px 10px;--e-column-margin-right:10px;--e-column-margin-left:10px;padding:50px 15px 50px 15px;}.elementor-955 .elementor-element.elementor-element-5153296{padding:0px 5px 80px 5px;}.elementor-955 .elementor-element.elementor-element-2a91af8.elementor-column > .elementor-widget-wrap{justify-content:flex-end;}.elementor-955 .elementor-element.elementor-element-2a91af8 > .elementor-element-populated{margin:0px 0px 0px 0px;--e-column-margin-right:0px;--e-column-margin-left:0px;}.elementor-955 .elementor-element.elementor-element-8fb9211:not(.elementor-motion-effects-element-type-background), .elementor-955 .elementor-element.elementor-element-8fb9211 > .elementor-motion-effects-container > .elementor-motion-effects-layer{background-position:0px 0px;}.elementor-955 .elementor-element.elementor-element-8fb9211{padding:25px 10px 25px 10px;}.elementor-955 .elementor-element.elementor-element-b79504f .elementor-heading-title{font-size:var( --e-global-typography-secondary-font-size );line-height:var( --e-global-typography-secondary-line-height );}.elementor-955 .elementor-element.elementor-element-f877df9{text-align:center;}}@media(min-width:1025px){.elementor-955 .elementor-element.elementor-element-f567587 > .elementor-background-overlay{background-attachment:fixed;}}<\/style>\t\t<div data-elementor-type=\"wp-page\" data-elementor-id=\"955\" class=\"elementor elementor-955\" data-elementor-post-type=\"page\">\n\t\t\t\t\t\t<section class=\"elementor-section elementor-top-section elementor-element elementor-element-f567587 elementor-reverse-tablet elementor-reverse-mobile elementor-section-height-min-height elementor-section-boxed elementor-section-height-default elementor-section-items-middle\" data-id=\"f567587\" data-element_type=\"section\" data-e-type=\"section\" data-settings=\"{&quot;background_background&quot;:&quot;classic&quot;}\">\n\t\t\t\t\t\t\t<div class=\"elementor-background-overlay\"><\/div>\n\t\t\t\t\t\t\t<div class=\"elementor-container elementor-column-gap-default\">\n\t\t\t\t\t<div class=\"elementor-column elementor-col-100 elementor-top-column elementor-element elementor-element-4d4931d\" data-id=\"4d4931d\" data-element_type=\"column\" data-e-type=\"column\" data-settings=\"{&quot;background_background&quot;:&quot;gradient&quot;}\">\n\t\t\t<div class=\"elementor-widget-wrap elementor-element-populated\">\n\t\t\t\t\t<div class=\"elementor-background-overlay\"><\/div>\n\t\t\t\t\t\t<div class=\"elementor-element elementor-element-f3df36f elementor-widget elementor-widget-text-editor\" data-id=\"f3df36f\" data-element_type=\"widget\" data-e-type=\"widget\" data-widget_type=\"text-editor.default\">\n\t\t\t\t<div class=\"elementor-widget-container\">\n\t\t\t\t\t\t\t\t\t<p>Gracias por realizar tu reserva, en breve recibir\u00e1s tu correo de \u00abconfirmaci\u00f3n\u00bb o \u00abno disponibilidad\u00bb<\/p>\t\t\t\t\t\t\t\t<\/div>\n\t\t\t\t<\/div>\n\t\t\t\t\t<\/div>\n\t\t<\/div>\n\t\t\t\t\t<\/div>\n\t\t<\/section>\n\t\t\t\t<section class=\"elementor-section elementor-top-section elementor-element elementor-element-5153296 elementor-section-boxed elementor-section-height-default elementor-section-height-default\" data-id=\"5153296\" data-element_type=\"section\" data-e-type=\"section\">\n\t\t\t\t\t\t<div class=\"elementor-container elementor-column-gap-default\">\n\t\t\t\t\t<div class=\"elementor-column elementor-col-100 elementor-top-column elementor-element elementor-element-2a91af8\" data-id=\"2a91af8\" data-element_type=\"column\" data-e-type=\"column\">\n\t\t\t<div class=\"elementor-widget-wrap elementor-element-populated\">\n\t\t\t\t\t\t<section class=\"elementor-section elementor-inner-section elementor-element elementor-element-8fb9211 elementor-section-boxed elementor-section-height-default elementor-section-height-default\" data-id=\"8fb9211\" data-element_type=\"section\" data-e-type=\"section\" data-settings=\"{&quot;background_background&quot;:&quot;classic&quot;}\">\n\t\t\t\t\t\t\t<div class=\"elementor-background-overlay\"><\/div>\n\t\t\t\t\t\t\t<div class=\"elementor-container elementor-column-gap-default\">\n\t\t\t\t\t<div class=\"elementor-column elementor-col-100 elementor-inner-column elementor-element elementor-element-8345828\" data-id=\"8345828\" data-element_type=\"column\" data-e-type=\"column\">\n\t\t\t<div class=\"elementor-widget-wrap elementor-element-populated\">\n\t\t\t\t\t\t<div class=\"elementor-element elementor-element-b79504f elementor-widget__width-initial elementor-widget elementor-widget-heading\" data-id=\"b79504f\" data-element_type=\"widget\" data-e-type=\"widget\" data-widget_type=\"heading.default\">\n\t\t\t\t<div class=\"elementor-widget-container\">\n\t\t\t\t\t<h2 class=\"elementor-heading-title elementor-size-default\">Condiciones de la reserva<\/h2>\t\t\t\t<\/div>\n\t\t\t\t<\/div>\n\t\t\t\t<div class=\"elementor-element elementor-element-f877df9 elementor-widget elementor-widget-text-editor\" data-id=\"f877df9\" data-element_type=\"widget\" data-e-type=\"widget\" data-widget_type=\"text-editor.default\">\n\t\t\t\t<div class=\"elementor-widget-container\">\n\t\t\t\t\t\t\t\t\t<p><strong>No se admiten reservas en la terraza<\/strong>, los comensales se sentar\u00e1n en orden de llegada. Comun\u00edquese con nuestros camareros a su llegada y ellos le dar\u00e1n su mesa en ese orden.<\/p><p><strong>Las reservas efectuadas durante las horas de servicio no podr\u00e1n ser gestionadas por nuestro personal<\/strong>, dado el volumen de trabajo en dichas horas. Por favor, no acuda al restaurante si no ha recibido el correo de confirmaci\u00f3n y Aprobaci\u00f3n de su reserva. Si solo ha recibido el correo de Pendiente de Aprobaci\u00f3n no le asegura que tenga disponibilidad de mesa para su comida o cena. Para asegurarse llame por tel\u00e9fono a nuestro restaurante.<\/p><p>Gracias por su colaboraci\u00f3n y disculpen las molestias.<\/p>\t\t\t\t\t\t\t\t<\/div>\n\t\t\t\t<\/div>\n\t\t\t\t\t<\/div>\n\t\t<\/div>\n\t\t\t\t\t<\/div>\n\t\t<\/section>\n\t\t\t\t\t<\/div>\n\t\t<\/div>\n\t\t\t\t\t<\/div>\n\t\t<\/section>\n\t\t\t\t<\/div>\n\t\t","protected":false},"excerpt":{"rendered":"<p>Gracias por realizar tu reserva, en breve recibir\u00e1s tu correo de \u00abconfirmaci\u00f3n\u00bb o \u00abno disponibilidad\u00bb Condiciones de la reserva No se admiten reservas en la terraza, los comensales se sentar\u00e1n en orden de llegada. Comun\u00edquese con nuestros camareros a su llegada y ellos le dar\u00e1n su mesa en ese orden. Las reservas efectuadas durante las [&hellip;]<\/p>\n","protected":false},"author":1,"featured_media":0,"parent":0,"menu_order":0,"comment_status":"closed","ping_status":"closed","template":"","meta":{"footnotes":""},"class_list":["post-955","page","type-page","status-publish","hentry"],"yoast_head":"<!-- This site is optimized with the Yoast SEO Premium plugin v27.2 (Yoast SEO v27.3) - https:\/\/yoast.com\/product\/yoast-seo-premium-wordpress\/ -->\n<title>Confirmaci\u00f3n de reserva - La Tasca del Barrio<\/title>\n<meta name=\"robots\" content=\"index, follow, max-snippet:-1, max-image-preview:large, max-video-preview:-1\" \/>\n<link rel=\"canonical\" href=\"https:\/\/latascadelbarrio.com\/en\/confirmacion-de-reserva\/\" \/>\n<meta property=\"og:locale\" content=\"en_GB\" \/>\n<meta property=\"og:type\" content=\"article\" \/>\n<meta property=\"og:title\" content=\"Confirmaci\u00f3n de reserva\" \/>\n<meta property=\"og:description\" content=\"Gracias por realizar tu reserva, en breve recibir\u00e1s tu correo de \u00abconfirmaci\u00f3n\u00bb o \u00abno disponibilidad\u00bb Condiciones de la reserva No se admiten reservas en la terraza, los comensales se sentar\u00e1n en orden de llegada. Comun\u00edquese con nuestros camareros a su llegada y ellos le dar\u00e1n su mesa en ese orden. Las reservas efectuadas durante las [&hellip;]\" \/>\n<meta property=\"og:url\" content=\"https:\/\/latascadelbarrio.com\/en\/confirmacion-de-reserva\/\" \/>\n<meta property=\"og:site_name\" content=\"La Tasca del Barrio\" \/>\n<meta property=\"article:modified_time\" content=\"2025-09-05T08:53:01+00:00\" \/>\n<meta name=\"twitter:card\" content=\"summary_large_image\" \/>\n<meta name=\"twitter:label1\" content=\"Estimated reading time\" \/>\n\t<meta name=\"twitter:data1\" content=\"1 minute\" \/>\n<script type=\"application\/ld+json\" class=\"yoast-schema-graph\">{\"@context\":\"https:\\\/\\\/schema.org\",\"@graph\":[{\"@type\":\"WebPage\",\"@id\":\"https:\\\/\\\/latascadelbarrio.com\\\/confirmacion-de-reserva\\\/\",\"url\":\"https:\\\/\\\/latascadelbarrio.com\\\/confirmacion-de-reserva\\\/\",\"name\":\"Confirmaci\u00f3n de reserva - La Tasca del Barrio\",\"isPartOf\":{\"@id\":\"https:\\\/\\\/latascadelbarrio.com\\\/#website\"},\"datePublished\":\"2025-09-05T07:35:27+00:00\",\"dateModified\":\"2025-09-05T08:53:01+00:00\",\"breadcrumb\":{\"@id\":\"https:\\\/\\\/latascadelbarrio.com\\\/confirmacion-de-reserva\\\/#breadcrumb\"},\"inLanguage\":\"en-GB\",\"potentialAction\":[{\"@type\":\"ReadAction\",\"target\":[\"https:\\\/\\\/latascadelbarrio.com\\\/confirmacion-de-reserva\\\/\"]}]},{\"@type\":\"BreadcrumbList\",\"@id\":\"https:\\\/\\\/latascadelbarrio.com\\\/confirmacion-de-reserva\\\/#breadcrumb\",\"itemListElement\":[{\"@type\":\"ListItem\",\"position\":1,\"name\":\"Portada\",\"item\":\"https:\\\/\\\/latascadelbarrio.com\\\/\"},{\"@type\":\"ListItem\",\"position\":2,\"name\":\"Confirmaci\u00f3n de reserva\"}]},{\"@type\":\"WebSite\",\"@id\":\"https:\\\/\\\/latascadelbarrio.com\\\/#website\",\"url\":\"https:\\\/\\\/latascadelbarrio.com\\\/\",\"name\":\"La Tasca del Barrio\",\"description\":\"Pasi\u00f3n por el Mediterr\u00e1neo\",\"potentialAction\":[{\"@type\":\"SearchAction\",\"target\":{\"@type\":\"EntryPoint\",\"urlTemplate\":\"https:\\\/\\\/latascadelbarrio.com\\\/?s={search_term_string}\"},\"query-input\":{\"@type\":\"PropertyValueSpecification\",\"valueRequired\":true,\"valueName\":\"search_term_string\"}}],\"inLanguage\":\"en-GB\"}]}<\/script>\n<!-- \/ Yoast SEO Premium plugin. -->","yoast_head_json":{"title":"Confirmaci\u00f3n de reserva - La Tasca del Barrio","robots":{"index":"index","follow":"follow","max-snippet":"max-snippet:-1","max-image-preview":"max-image-preview:large","max-video-preview":"max-video-preview:-1"},"canonical":"https:\/\/latascadelbarrio.com\/en\/confirmacion-de-reserva\/","og_locale":"en_GB","og_type":"article","og_title":"Confirmaci\u00f3n de reserva","og_description":"Gracias por realizar tu reserva, en breve recibir\u00e1s tu correo de \u00abconfirmaci\u00f3n\u00bb o \u00abno disponibilidad\u00bb Condiciones de la reserva No se admiten reservas en la terraza, los comensales se sentar\u00e1n en orden de llegada. Comun\u00edquese con nuestros camareros a su llegada y ellos le dar\u00e1n su mesa en ese orden. Las reservas efectuadas durante las [&hellip;]","og_url":"https:\/\/latascadelbarrio.com\/en\/confirmacion-de-reserva\/","og_site_name":"La Tasca del Barrio","article_modified_time":"2025-09-05T08:53:01+00:00","twitter_card":"summary_large_image","twitter_misc":{"Estimated reading time":"1 minute"},"schema":{"@context":"https:\/\/schema.org","@graph":[{"@type":"WebPage","@id":"https:\/\/latascadelbarrio.com\/confirmacion-de-reserva\/","url":"https:\/\/latascadelbarrio.com\/confirmacion-de-reserva\/","name":"Confirmaci\u00f3n de reserva - La Tasca del Barrio","isPartOf":{"@id":"https:\/\/latascadelbarrio.com\/#website"},"datePublished":"2025-09-05T07:35:27+00:00","dateModified":"2025-09-05T08:53:01+00:00","breadcrumb":{"@id":"https:\/\/latascadelbarrio.com\/confirmacion-de-reserva\/#breadcrumb"},"inLanguage":"en-GB","potentialAction":[{"@type":"ReadAction","target":["https:\/\/latascadelbarrio.com\/confirmacion-de-reserva\/"]}]},{"@type":"BreadcrumbList","@id":"https:\/\/latascadelbarrio.com\/confirmacion-de-reserva\/#breadcrumb","itemListElement":[{"@type":"ListItem","position":1,"name":"Portada","item":"https:\/\/latascadelbarrio.com\/"},{"@type":"ListItem","position":2,"name":"Confirmaci\u00f3n de reserva"}]},{"@type":"WebSite","@id":"https:\/\/latascadelbarrio.com\/#website","url":"https:\/\/latascadelbarrio.com\/","name":"Tasca del Barrio","description":"Pasi\u00f3n por el Mediterr\u00e1neo","potentialAction":[{"@type":"SearchAction","target":{"@type":"EntryPoint","urlTemplate":"https:\/\/latascadelbarrio.com\/?s={search_term_string}"},"query-input":{"@type":"PropertyValueSpecification","valueRequired":true,"valueName":"search_term_string"}}],"inLanguage":"en-GB"}]}},"_links":{"self":[{"href":"https:\/\/latascadelbarrio.com\/en\/wp-json\/wp\/v2\/pages\/955","targetHints":{"allow":["GET"]}}],"collection":[{"href":"https:\/\/latascadelbarrio.com\/en\/wp-json\/wp\/v2\/pages"}],"about":[{"href":"https:\/\/latascadelbarrio.com\/en\/wp-json\/wp\/v2\/types\/page"}],"author":[{"embeddable":true,"href":"https:\/\/latascadelbarrio.com\/en\/wp-json\/wp\/v2\/users\/1"}],"replies":[{"embeddable":true,"href":"https:\/\/latascadelbarrio.com\/en\/wp-json\/wp\/v2\/comments?post=955"}],"version-history":[{"count":4,"href":"https:\/\/latascadelbarrio.com\/en\/wp-json\/wp\/v2\/pages\/955\/revisions"}],"predecessor-version":[{"id":960,"href":"https:\/\/latascadelbarrio.com\/en\/wp-json\/wp\/v2\/pages\/955\/revisions\/960"}],"wp:attachment":[{"href":"https:\/\/latascadelbarrio.com\/en\/wp-json\/wp\/v2\/media?parent=955"}],"curies":[{"name":"wp","href":"https:\/\/api.w.org\/{rel}","templated":true}]}}